{"id":945,"date":"2016-11-28T16:24:16","date_gmt":"2016-11-28T16:24:16","guid":{"rendered":"http:\/\/education.europeanrugbyleague.com\/?page_id=945&#038;lang=fr"},"modified":"2021-04-28T12:19:38","modified_gmt":"2021-04-28T11:19:38","slug":"rlef-coach-level-1-course-material","status":"publish","type":"page","link":"https:\/\/education.europeanrugbyleague.com\/fr\/rlef-coach\/rlef-coach-level-1-course-material\/","title":{"rendered":"ERL Entraineur &#8211; Niveau 1 Mat\u00e9riaux"},"content":{"rendered":"<div class=\"row\" data-cols=\"1\"  id=\"coachAccordion\"><div class=\"column\" data-col=\"1\" > <h2>ERL Entraineur NIVEAU 1<\/h2> <p>Cette section du ERL Technical Portal (Portail Technique) contient toute l\u2019information relative au cours de ERL Entraineur Niveau 1. Seules les personnes qui ont assist\u00e9 \u00e0 un cours re\u00e7oivent un code d\u2019acc\u00e8s personnel qui leur permet d\u2019acc\u00e9der \u00e0 cette section du Portail. Dans le menu d\u00e9roulant ci-dessous, vous trouverez :<\/p> <ul> <li>Documents relatives au cours d\u2019Entraineur Niveau 1<\/li> <li>Vid\u00e9os de d\u00e9monstration des comp\u00e9tences cl\u00e9s, les points fondamentaux \u00e0 l\u2019entrainement de cette comp\u00e9tence et des exemples des comp\u00e9tences \u00e0 l\u2019\u0153uvre.<\/li> <\/ul> <div class=\"omsc-accordion\"> <div class=\"omsc-toggle\"><div class=\"omsc-toggle-title\">Mat\u00e9riel p\u00e9dagogique, documents et ressources t\u00e9l\u00e9chargeables<\/div><div class=\"omsc-toggle-inner\"> <p><a href=\"https:\/\/education.europeanrugbyleague.com\/wp-content\/uploads\/2021\/04\/L1-Coach-Master-Presentation-French.pptx\">L1-Coach-Master-Presentation-French.pptx<\/a><br \/> <a href=\"https:\/\/education.europeanrugbyleague.com\/wp-content\/uploads\/2017\/08\/Core-skills-illustrated-checklist.pdf\">Core Skills Illustrated Checklist<\/a><\/p> <\/div><\/div> <div class=\"omsc-toggle\"><div class=\"omsc-toggle-title\">Liens vid\u00e9o, tutoriels et resources<\/div><div class=\"omsc-toggle-inner\"> <div class=\"videoBoxWrapper\"> <h2>GAMES, ACTIVITIES, PRACTICES, SKILLS<\/h2> <p>Select \u201cDownload\u201d, insert coupon code RLEFGAPS<br \/> <a href=\"http:\/\/www.tacklesport.com\/store\/g-a-p-s-rugby-league-coaching-software\/\"><img loading=\"lazy\" class=\"alignleft size-full wp-image-1852\" src=\"http:\/\/education.europeanrugbyleague.com\/wp-content\/uploads\/2018\/07\/gaps.jpg\" alt=\"\" width=\"324\" height=\"190\" srcset=\"https:\/\/education.europeanrugbyleague.com\/wp-content\/uploads\/2018\/07\/gaps.jpg 324w, https:\/\/education.europeanrugbyleague.com\/wp-content\/uploads\/2018\/07\/gaps-300x176.jpg 300w\" sizes=\"(max-width: 324px) 100vw, 324px\" \/><\/a><\/p> <\/div> <div class=\"videoBoxWrapper\"> <h2>LEVEL 1 COACH: VIDEO TUTORIALS AND NOTES<\/h2> <p><a href=\"https:\/\/education.europeanrugbyleague.com\/wp-content\/uploads\/2016\/08\/Coach-Level-1-Video-Tutorial-Notes.pdf\" target=\"_blank\" rel=\"noopener noreferrer\">CLICK HERE<\/a> to view the notes which accompany the video tutorials for Level 1 Coach.<\/p> <div id=\"attachment_306\" style=\"width: 160px\" class=\"wp-caption alignleft\"><a href=\"https:\/\/vimeo.com\/176289997?width=1080\" data-rel=\"lightbox-video-0\" target=\"_blank\" rel=\"noopener noreferrer\"><img aria-describedby=\"caption-attachment-306\" loading=\"lazy\" class=\"wp-image-306 size-thumbnail\" src=\"https:\/\/education.europeanrugbyleague.com\/wp-content\/uploads\/2016\/08\/Grip-Carry-150x150.jpg\" alt=\"Grip and Carry\" width=\"150\" height=\"150\" \/><\/a><p id=\"caption-attachment-306\" class=\"wp-caption-text\">Grip and Carry<\/p><\/div> <div id=\"attachment_306\" style=\"width: 160px\" class=\"wp-caption alignleft\"><a href=\"https:\/\/vimeo.com\/176299359?width=1080\" data-rel=\"lightbox-video-1\" target=\"_blank\" rel=\"noopener noreferrer\"><img aria-describedby=\"caption-attachment-306\" loading=\"lazy\" class=\"wp-image-306 size-thumbnail\" src=\"https:\/\/education.europeanrugbyleague.com\/wp-content\/uploads\/2016\/08\/Pass-Catch-150x150.jpg\" alt=\"Pass and Catch\" width=\"150\" height=\"150\" \/><\/a><p id=\"caption-attachment-306\" class=\"wp-caption-text\">Pass and Catch<\/p><\/div> <div id=\"attachment_306\" style=\"width: 160px\" class=\"wp-caption alignleft\"><a href=\"https:\/\/vimeo.com\/175690173?width=1080\" data-rel=\"lightbox-video-2\" target=\"_blank\" rel=\"noopener noreferrer\"><img aria-describedby=\"caption-attachment-306\" loading=\"lazy\" class=\"wp-image-306 size-thumbnail\" src=\"https:\/\/education.europeanrugbyleague.com\/wp-content\/uploads\/2016\/08\/2-v-1-Image.jpg\" alt=\"Tumble Pass\" width=\"150\" height=\"150\" \/><\/a><p id=\"caption-attachment-306\" class=\"wp-caption-text\">Tumble Pass<\/p><\/div> <div id=\"attachment_306\" style=\"width: 160px\" class=\"wp-caption alignleft\"><a href=\"https:\/\/vimeo.com\/176168441?width=1080\" data-rel=\"lightbox-video-3\" target=\"_blank\" rel=\"noopener noreferrer\"><img aria-describedby=\"caption-attachment-306\" loading=\"lazy\" class=\"wp-image-306 size-thumbnail\" src=\"https:\/\/education.europeanrugbyleague.com\/wp-content\/uploads\/2016\/08\/Passing-Waves-Image.jpg\" alt=\"Passing Waves\" width=\"150\" height=\"150\" \/><\/a><p id=\"caption-attachment-306\" class=\"wp-caption-text\">Passing Waves<\/p><\/div> <\/div> <div class=\"videoBoxWrapper\"> <div id=\"attachment_306\" style=\"width: 160px\" class=\"wp-caption alignleft\"><a href=\"https:\/\/vimeo.com\/175690173?width=1080\" data-rel=\"lightbox-video-2\" target=\"_blank\" rel=\"noopener noreferrer\"><img aria-describedby=\"caption-attachment-306\" loading=\"lazy\" class=\"wp-image-306 size-thumbnail\" src=\"https:\/\/education.europeanrugbyleague.com\/wp-content\/uploads\/2016\/08\/2-v-1-Image.jpg\" alt=\"2 v 1\" width=\"150\" height=\"150\" \/><\/a><p id=\"caption-attachment-306\" class=\"wp-caption-text\">2 v 1<\/p><\/div> <div id=\"attachment_306\" style=\"width: 160px\" class=\"wp-caption alignleft\"><a href=\"https:\/\/vimeo.com\/176141054?width=1080\" data-rel=\"lightbox-video-5\" target=\"_blank\" rel=\"noopener noreferrer\"><img aria-describedby=\"caption-attachment-306\" loading=\"lazy\" class=\"wp-image-306 size-thumbnail\" src=\"https:\/\/education.europeanrugbyleague.com\/wp-content\/uploads\/2016\/08\/Offside-Touch-Image.jpg\" alt=\"Offside Touch\" width=\"150\" height=\"150\" \/><\/a><p id=\"caption-attachment-306\" class=\"wp-caption-text\">Offside Touch<\/p><\/div> <div id=\"attachment_306\" style=\"width: 160px\" class=\"wp-caption alignleft\"><a href=\"https:\/\/vimeo.com\/176158453?width=1080\" data-rel=\"lightbox-video-6\" target=\"_blank\" rel=\"noopener noreferrer\"><img aria-describedby=\"caption-attachment-306\" loading=\"lazy\" class=\"wp-image-306 size-thumbnail\" src=\"https:\/\/education.europeanrugbyleague.com\/wp-content\/uploads\/2016\/08\/Passing-Drill-2-Image.jpg\" alt=\"Passing Drill 2\" width=\"150\" height=\"150\" \/><\/a><p id=\"caption-attachment-306\" class=\"wp-caption-text\">Passing Drill 2<\/p><\/div> <\/div> <div class=\"videoBoxWrapper\"> <div id=\"attachment_306\" style=\"width: 160px\" class=\"wp-caption alignleft\"><a href=\"https:\/\/vimeo.com\/176315047?width=1080\" data-rel=\"lightbox-video-7\" target=\"_blank\" rel=\"noopener noreferrer\"><img aria-describedby=\"caption-attachment-306\" loading=\"lazy\" class=\"wp-image-306 size-thumbnail\" src=\"https:\/\/education.europeanrugbyleague.com\/wp-content\/uploads\/2016\/08\/Front-Side-Tackle-400-150x150.jpg\" alt=\"VFront and Side Tackle\" width=\"150\" height=\"150\" \/><\/a><p id=\"caption-attachment-306\" class=\"wp-caption-text\">Front and Side Tackle<\/p><\/div> <div id=\"attachment_306\" style=\"width: 160px\" class=\"wp-caption alignleft\"><a href=\"https:\/\/vimeo.com\/176305595?width=1080\" data-rel=\"lightbox-video-8\" target=\"_blank\" rel=\"noopener noreferrer\"><img aria-describedby=\"caption-attachment-306\" loading=\"lazy\" class=\"wp-image-306 size-thumbnail\" src=\"https:\/\/education.europeanrugbyleague.com\/wp-content\/uploads\/2016\/08\/Play-Ball-Dummy-Pass-150x150.jpg\" alt=\"Play the ball and dummy half pass\" width=\"150\" height=\"150\" \/><\/a><p id=\"caption-attachment-306\" class=\"wp-caption-text\">Play the Ball and Dummy Half Pass<\/p><\/div> <div id=\"attachment_306\" style=\"width: 160px\" class=\"wp-caption alignleft\"><a href=\"https:\/\/vimeo.com\/176196674?width=1080\" data-rel=\"lightbox-video-9\" target=\"_blank\" rel=\"noopener noreferrer\"><img aria-describedby=\"caption-attachment-306\" loading=\"lazy\" class=\"wp-image-306 size-thumbnail\" src=\"https:\/\/education.europeanrugbyleague.com\/wp-content\/uploads\/2016\/08\/Play-the-Ball-Image.jpg\" alt=\"Play the Ball\" width=\"150\" height=\"150\" \/><\/a><p id=\"caption-attachment-306\" class=\"wp-caption-text\">Play the Ball<\/p><\/div> <div id=\"attachment_306\" style=\"width: 160px\" class=\"wp-caption alignleft\"><a href=\"https:\/\/vimeo.com\/176134964?width=1080\" data-rel=\"lightbox-video-10\" target=\"_blank\" rel=\"noopener noreferrer\"><img aria-describedby=\"caption-attachment-306\" loading=\"lazy\" class=\"wp-image-306 size-thumbnail\" src=\"https:\/\/education.europeanrugbyleague.com\/wp-content\/uploads\/2016\/08\/Dummy-Half-Pass-Image.jpg\" alt=\"Dummy Half Pass\" width=\"150\" height=\"150\" \/><\/a><p id=\"caption-attachment-306\" class=\"wp-caption-text\">Dummy Half Pass<\/p><\/div> <\/div> <div class=\"videoBoxWrapper\"> <div id=\"attachment_306\" style=\"width: 160px\" class=\"wp-caption alignleft\"><a href=\"https:\/\/vimeo.com\/176297699?width=1080\" data-rel=\"lightbox-video-11\" target=\"_blank\" rel=\"noopener noreferrer\"><img aria-describedby=\"caption-attachment-306\" loading=\"lazy\" class=\"wp-image-306 size-thumbnail\" src=\"https:\/\/education.europeanrugbyleague.com\/wp-content\/uploads\/2016\/08\/Grubber-Kick-150x150.jpg\" alt=\"Grubber Kick\" width=\"150\" height=\"150\" \/><\/a><p id=\"caption-attachment-306\" class=\"wp-caption-text\">Grubber Kick<\/p><\/div> <div id=\"attachment_306\" style=\"width: 160px\" class=\"wp-caption alignleft\"><a href=\"https:\/\/vimeo.com\/176284154?width=1080\" data-rel=\"lightbox-video-12\" target=\"_blank\" rel=\"noopener noreferrer\"><img aria-describedby=\"caption-attachment-306\" loading=\"lazy\" class=\"wp-image-306 size-thumbnail\" src=\"https:\/\/education.europeanrugbyleague.com\/wp-content\/uploads\/2016\/08\/Ground-Ball-Retrieval-Image.jpg\" alt=\"Grouns Ball Retrieval\" width=\"150\" height=\"150\" \/><\/a><p id=\"caption-attachment-306\" class=\"wp-caption-text\">Ground Ball Retrieval<\/p><\/div> <div id=\"attachment_306\" style=\"width: 160px\" class=\"wp-caption alignleft\"><a href=\"https:\/\/vimeo.com\/176139250?width=1080\" data-rel=\"lightbox-video-13\" target=\"_blank\" rel=\"noopener noreferrer\"><img aria-describedby=\"caption-attachment-306\" loading=\"lazy\" class=\"wp-image-306 size-thumbnail\" src=\"https:\/\/education.europeanrugbyleague.com\/wp-content\/uploads\/2016\/08\/Loose-Ball-Recovery-Image.jpg\" alt=\"Loose Ball Recovery\" width=\"150\" height=\"150\" \/><\/a><p id=\"caption-attachment-306\" class=\"wp-caption-text\">Loose Ball Recovery<\/p><\/div> <div id=\"attachment_306\" style=\"width: 160px\" class=\"wp-caption alignleft\"><a href=\"https:\/\/vimeo.com\/176308989?width=1080\" data-rel=\"lightbox-video-14\" target=\"_blank\" rel=\"noopener noreferrer\"><img aria-describedby=\"caption-attachment-306\" loading=\"lazy\" class=\"wp-image-306 size-thumbnail\" src=\"https:\/\/education.europeanrugbyleague.com\/wp-content\/uploads\/2016\/08\/Punt-Catch-150x150.jpg\" alt=\"Punt and Catch\" width=\"150\" height=\"150\" \/><\/a><p id=\"caption-attachment-306\" class=\"wp-caption-text\">Punt and Catch<\/p><\/div> <\/div> <\/div><\/div> <div class=\"omsc-toggle\"><div class=\"omsc-toggle-title\">Upload files<\/div><div class=\"omsc-toggle-inner\">  <script type=\"text\/javascript\">var gform;gform||(document.addEventListener(\"gform_main_scripts_loaded\",function(){gform.scriptsLoaded=!0}),window.addEventListener(\"DOMContentLoaded\",function(){gform.domLoaded=!0}),gform={domLoaded:!1,scriptsLoaded:!1,initializeOnLoaded:function(o){gform.domLoaded&&gform.scriptsLoaded?o():!gform.domLoaded&&gform.scriptsLoaded?window.addEventListener(\"DOMContentLoaded\",o):document.addEventListener(\"gform_main_scripts_loaded\",o)},hooks:{action:{},filter:{}},addAction:function(o,n,r,t){gform.addHook(\"action\",o,n,r,t)},addFilter:function(o,n,r,t){gform.addHook(\"filter\",o,n,r,t)},doAction:function(o){gform.doHook(\"action\",o,arguments)},applyFilters:function(o){return gform.doHook(\"filter\",o,arguments)},removeAction:function(o,n){gform.removeHook(\"action\",o,n)},removeFilter:function(o,n,r){gform.removeHook(\"filter\",o,n,r)},addHook:function(o,n,r,t,i){null==gform.hooks[o][n]&&(gform.hooks[o][n]=[]);var e=gform.hooks[o][n];null==i&&(i=n+\"_\"+e.length),gform.hooks[o][n].push({tag:i,callable:r,priority:t=null==t?10:t})},doHook:function(n,o,r){var t;if(r=Array.prototype.slice.call(r,1),null!=gform.hooks[n][o]&&((o=gform.hooks[n][o]).sort(function(o,n){return o.priority-n.priority}),o.forEach(function(o){\"function\"!=typeof(t=o.callable)&&(t=window[t]),\"action\"==n?t.apply(null,r):r[0]=t.apply(null,r)})),\"filter\"==n)return r[0]},removeHook:function(o,n,t,i){var r;null!=gform.hooks[o][n]&&(r=(r=gform.hooks[o][n]).filter(function(o,n,r){return!!(null!=i&&i!=o.tag||null!=t&&t!=o.priority)}),gform.hooks[o][n]=r)}});<\/script>\n                <div class='gf_browser_gecko gform_wrapper gform_legacy_markup_wrapper' id='gform_wrapper_5' ><form method='post' enctype='multipart\/form-data'  id='gform_5'  action='\/fr\/wp-json\/wp\/v2\/pages\/945' >\n                        <div class='gform_body gform-body'><ul id='gform_fields_5' class='gform_fields top_label form_sublabel_below description_below'><li id=\"field_5_1\" class=\"gfield field_sublabel_below field_description_below gfield_visibility_visible\" ><label class='gfield_label' for='gform_browse_button_5_1' >File<\/label><div class='ginput_container ginput_container_fileupload'><div id='gform_multifile_upload_5_1' data-settings='{&quot;runtimes&quot;:&quot;html5,flash,html4&quot;,&quot;browse_button&quot;:&quot;gform_browse_button_5_1&quot;,&quot;container&quot;:&quot;gform_multifile_upload_5_1&quot;,&quot;drop_element&quot;:&quot;gform_drag_drop_area_5_1&quot;,&quot;filelist&quot;:&quot;gform_preview_5_1&quot;,&quot;unique_names&quot;:true,&quot;file_data_name&quot;:&quot;file&quot;,&quot;url&quot;:&quot;https:\\\/\\\/education.europeanrugbyleague.com\\\/?gf_page=da553fb840323b0&quot;,&quot;flash_swf_url&quot;:&quot;https:\\\/\\\/education.europeanrugbyleague.com\\\/wp-includes\\\/js\\\/plupload\\\/plupload.flash.swf&quot;,&quot;silverlight_xap_url&quot;:&quot;https:\\\/\\\/education.europeanrugbyleague.com\\\/wp-includes\\\/js\\\/plupload\\\/plupload.silverlight.xap&quot;,&quot;filters&quot;:{&quot;mime_types&quot;:[{&quot;title&quot;:&quot;Fichiers autoris\\u00e9s&quot;,&quot;extensions&quot;:&quot;doc,docx,xls,xlsx,ppt,pptx,pdf,jpg,jpeg,gif,png,bmp&quot;}],&quot;max_file_size&quot;:&quot;10485760b&quot;},&quot;multipart&quot;:true,&quot;urlstream_upload&quot;:false,&quot;multipart_params&quot;:{&quot;form_id&quot;:5,&quot;field_id&quot;:1},&quot;gf_vars&quot;:{&quot;max_files&quot;:0,&quot;message_id&quot;:&quot;gform_multifile_messages_5_1&quot;,&quot;disallowed_extensions&quot;:[&quot;php&quot;,&quot;asp&quot;,&quot;aspx&quot;,&quot;cmd&quot;,&quot;csh&quot;,&quot;bat&quot;,&quot;html&quot;,&quot;htm&quot;,&quot;hta&quot;,&quot;jar&quot;,&quot;exe&quot;,&quot;com&quot;,&quot;js&quot;,&quot;lnk&quot;,&quot;htaccess&quot;,&quot;phtml&quot;,&quot;ps1&quot;,&quot;ps2&quot;,&quot;php3&quot;,&quot;php4&quot;,&quot;php5&quot;,&quot;php6&quot;,&quot;py&quot;,&quot;rb&quot;,&quot;tmp&quot;]}}' class='gform_fileupload_multifile'>\n\t\t\t\t\t\t\t\t\t\t<div id='gform_drag_drop_area_5_1' class='gform_drop_area'>\n\t\t\t\t\t\t\t\t\t\t\t<span class='gform_drop_instructions'>D\u00e9poser les fichiers ici ou <\/span>\n\t\t\t\t\t\t\t\t\t\t\t<button type='button' id='gform_browse_button_5_1' class='button gform_button_select_files' aria-describedby=\"gfield_upload_rules_5_1\"  >S\u00e9lectionnez des fichiers<\/button>\n\t\t\t\t\t\t\t\t\t\t<\/div>\n\t\t\t\t\t\t\t\t\t<\/div><span class='gform_fileupload_rules' id='gfield_upload_rules_5_1'>Types de fichiers accept\u00e9s\u00a0: doc, docx, xls, xlsx, ppt, pptx, pdf, jpg, jpeg, gif, png, bmp, Taille max. des fichiers\u00a0: 10 MB.<\/span><ul class='validation_message validation_message--hidden-on-empty gfield_validation_message gform-ul-reset' id='gform_multifile_messages_5_1'><\/ul> <!-- Leave <ul> empty to support CSS :empty selector. --><\/div><div id='gform_preview_5_1'><\/div><\/li><li id=\"field_5_2\" class=\"gfield field_sublabel_below field_description_below gfield_visibility_visible\" ><label class='gfield_label' for='input_5_2' >Your Email Address<\/label><div class='ginput_container ginput_container_text'><input name='input_2' id='input_5_2' type='text' value='' class='medium'      aria-invalid=\"false\"   \/> <\/div><\/li><li id=\"field_5_3\" class=\"gfield field_sublabel_below field_description_below gfield_visibility_visible\" ><label class='gfield_label' for='input_5_3' >Your message<\/label><div class='ginput_container ginput_container_textarea'><textarea name='input_3' id='input_5_3' class='textarea medium'      aria-invalid=\"false\"   rows='10' cols='50'><\/textarea><\/div><\/li><\/ul><\/div>\n        <div class='gform_footer top_label'> <input type='submit' id='gform_submit_button_5' class='gform_button button' value='Submit'  onclick='if(window[\"gf_submitting_5\"]){return false;}  window[\"gf_submitting_5\"]=true;  ' onkeypress='if( event.keyCode == 13 ){ if(window[\"gf_submitting_5\"]){return false;} window[\"gf_submitting_5\"]=true;  jQuery(\"#gform_5\").trigger(\"submit\",[true]); }' \/> \n            <input type='hidden' class='gform_hidden' name='is_submit_5' value='1' \/>\n            <input type='hidden' class='gform_hidden' name='gform_submit' value='5' \/>\n            \n            <input type='hidden' class='gform_hidden' name='gform_unique_id' value='' \/>\n            <input type='hidden' class='gform_hidden' name='state_5' value='WyJbXSIsImNhMjM1OWMwZTlhZjkxNTY3OGMzZmFiZmExNDc2ZDc5Il0=' \/>\n            <input type='hidden' class='gform_hidden' name='gform_target_page_number_5' id='gform_target_page_number_5' value='0' \/>\n            <input type='hidden' class='gform_hidden' name='gform_source_page_number_5' id='gform_source_page_number_5' value='1' \/>\n            <input type='hidden' name='gform_field_values' value='' \/>\n            <input type='hidden' name='gform_uploaded_files' id='gform_uploaded_files_5' value='' \/>\n        <\/div>\n                        <\/form>\n                        <\/div> <\/div><\/div> <\/div> <\/div><!--.column[data-col=\"1\"]--><\/div><!--.row[data-cols=\"1\"]--> ","protected":false},"excerpt":{"rendered":"<p>ERL Entraineur NIVEAU 1 Cette section du ERL Technical Portal (Portail Technique) contient toute l\u2019information relative au cours de ERL Entraineur Niveau 1. Seules les personnes qui ont assist\u00e9 \u00e0 un cours re\u00e7oivent un code d\u2019acc\u00e8s personnel qui leur permet d\u2019acc\u00e9der \u00e0 cette section du Portail. Dans le menu d\u00e9roulant ci-dessous, vous trouverez : Documents [&hellip;]<\/p>\n","protected":false},"author":3,"featured_media":0,"parent":925,"menu_order":0,"comment_status":"closed","ping_status":"closed","template":"","meta":{"_bbp_topic_count":0,"_bbp_reply_count":0,"_bbp_total_topic_count":0,"_bbp_total_reply_count":0,"_bbp_voice_count":0,"_bbp_anonymous_reply_count":0,"_bbp_topic_count_hidden":0,"_bbp_reply_count_hidden":0,"_bbp_forum_subforum_count":0,"_expiration-date-status":"saved","_expiration-date":0,"_expiration-date-type":"","_expiration-date-categories":[],"_expiration-date-options":[]},"_links":{"self":[{"href":"https:\/\/education.europeanrugbyleague.com\/fr\/wp-json\/wp\/v2\/pages\/945"}],"collection":[{"href":"https:\/\/education.europeanrugbyleague.com\/fr\/wp-json\/wp\/v2\/pages"}],"about":[{"href":"https:\/\/education.europeanrugbyleague.com\/fr\/wp-json\/wp\/v2\/types\/page"}],"author":[{"embeddable":true,"href":"https:\/\/education.europeanrugbyleague.com\/fr\/wp-json\/wp\/v2\/users\/3"}],"replies":[{"embeddable":true,"href":"https:\/\/education.europeanrugbyleague.com\/fr\/wp-json\/wp\/v2\/comments?post=945"}],"version-history":[{"count":22,"href":"https:\/\/education.europeanrugbyleague.com\/fr\/wp-json\/wp\/v2\/pages\/945\/revisions"}],"predecessor-version":[{"id":2137,"href":"https:\/\/education.europeanrugbyleague.com\/fr\/wp-json\/wp\/v2\/pages\/945\/revisions\/2137"}],"up":[{"embeddable":true,"href":"https:\/\/education.europeanrugbyleague.com\/fr\/wp-json\/wp\/v2\/pages\/925"}],"wp:attachment":[{"href":"https:\/\/education.europeanrugbyleague.com\/fr\/wp-json\/wp\/v2\/media?parent=945"}],"curies":[{"name":"wp","href":"https:\/\/api.w.org\/{rel}","templated":true}]}}