{"id":917,"date":"2016-11-28T15:53:10","date_gmt":"2016-11-28T15:53:10","guid":{"rendered":"http:\/\/education.europeanrugbyleague.com\/?page_id=917&#038;lang=fr"},"modified":"2021-04-28T13:51:41","modified_gmt":"2021-04-28T12:51:41","slug":"rlef-history","status":"publish","type":"page","link":"https:\/\/education.europeanrugbyleague.com\/fr\/rlef-history\/","title":{"rendered":"ERL Histoire"},"content":{"rendered":"<div class=\"row\" data-cols=\"1\" ><div class=\"column\" data-col=\"1\" > <h2>La ERL (Europ\u00e9enne de Rugby \u00e0 XIII) est un membre associ\u00e9 de la IRL (Internationale de Rugby \u00e0 XIII) est la conf\u00e9d\u00e9ration du sport en Europe et, actuellement, de tout l\u2019h\u00e9misph\u00e8re nord.<\/h2> <div class=\"mySmallCarousel\">\n<div id=\"rev_slider_4_1_wrapper\" class=\"rev_slider_wrapper fullwidthbanner-container\" style=\"margin:0px auto;background-color:transparent;padding:0px;margin-top:0px;margin-bottom:0px;\">\n<!-- START REVOLUTION SLIDER 5.2.6 auto mode -->\n\t<div id=\"rev_slider_4_1\" class=\"rev_slider fullwidthabanner\" style=\"display:none;\" data-version=\"5.2.6\">\n<ul>\t<!-- SLIDE  -->\n\t<li data-index=\"rs-60\" data-transition=\"fade\" data-slotamount=\"default\" data-hideafterloop=\"0\" data-hideslideonmobile=\"off\"  data-easein=\"default\" data-easeout=\"default\" data-masterspeed=\"300\"  data-rotate=\"0\"  data-fstransition=\"fade\" data-fsmasterspeed=\"300\" data-fsslotamount=\"7\" data-saveperformance=\"off\"  data-title=\"Slide\" data-param1=\"\" data-param2=\"\" data-param3=\"\" data-param4=\"\" data-param5=\"\" data-param6=\"\" data-param7=\"\" data-param8=\"\" data-param9=\"\" data-param10=\"\" data-description=\"\">\n\t\t<!-- MAIN IMAGE -->\n\t\t<img src=\"https:\/\/education.europeanrugbyleague.com\/wp-content\/uploads\/2016\/04\/Education-carousel-01.jpg\"  alt=\"\" title=\"Education carousel 01\"  width=\"350\" height=\"300\" data-bgposition=\"center top\" data-bgfit=\"normal\" data-bgrepeat=\"no-repeat\" class=\"rev-slidebg\" data-no-retina>\n\t\t<!-- LAYERS -->\n\n\t\t<!-- LAYER NR. 1 -->\n\t\t<div class=\"tp-caption tp-shape tp-shapewrapper  tp-resizeme\" \n\t\t\t id=\"slide-60-layer-1\" \n\t\t\t data-x=\"['left','left','left','left']\" data-hoffset=\"['0','0','0','0']\" \n\t\t\t data-y=\"['top','top','top','top']\" data-voffset=\"['300','300','300','300']\" \n\t\t\t\t\t\tdata-width=\"full\"\n\t\t\tdata-height=\"85\"\n\t\t\tdata-whitespace=\"nowrap\"\n\t\t\tdata-transform_idle=\"o:1;\"\n \n\t\t\t data-transform_in=\"opacity:0;s:300;e:Power2.easeInOut;\" \n\t\t\t data-transform_out=\"opacity:0;s:300;\" \n\t\t\tdata-start=\"0\" \n\t\t\tdata-responsive_offset=\"on\" \n\n\t\t\t\n\t\t\tstyle=\"z-index: 5;background-color:rgba(47, 110, 177, 1.00);border-color:rgba(0, 0, 0, 0.50);\"> <\/div>\n\n\t\t<!-- LAYER NR. 2 -->\n\t\t<div class=\"tp-caption   tp-resizeme\" \n\t\t\t id=\"slide-60-layer-2\" \n\t\t\t data-x=\"['center','center','center','center']\" data-hoffset=\"['2','2','2','2']\" \n\t\t\t data-y=\"['top','top','top','top']\" data-voffset=\"['333','333','333','333']\" \n\t\t\t\t\t\tdata-width=\"322\"\n\t\t\tdata-height=\"none\"\n\t\t\tdata-whitespace=\"normal\"\n\t\t\tdata-transform_idle=\"o:1;\"\n \n\t\t\t data-transform_in=\"x:-50px;opacity:0;s:300;e:Power2.easeInOut;\" \n\t\t\t data-transform_out=\"x:50px;opacity:0;s:300;\" \n\t\t\tdata-start=\"500\" \n\t\t\tdata-splitin=\"none\" \n\t\t\tdata-splitout=\"none\" \n\t\t\tdata-responsive_offset=\"on\" \n\n\t\t\t\n\t\t\tstyle=\"z-index: 6; min-width: 322px; max-width: 322px; white-space: normal; font-size: 18px; line-height: 22px; font-weight: 400; color: rgba(255, 255, 255, 1.00);font-family:Arial, Helvetica, sans-serif;text-align:center;\">The European Championship <\/div>\n\t<\/li>\n\t<!-- SLIDE  -->\n\t<li data-index=\"rs-72\" data-transition=\"fade\" data-slotamount=\"default\" data-hideafterloop=\"0\" data-hideslideonmobile=\"off\"  data-easein=\"default\" data-easeout=\"default\" data-masterspeed=\"300\"  data-rotate=\"0\"  data-saveperformance=\"off\"  data-title=\"Slide\" data-param1=\"\" data-param2=\"\" data-param3=\"\" data-param4=\"\" data-param5=\"\" data-param6=\"\" data-param7=\"\" data-param8=\"\" data-param9=\"\" data-param10=\"\" data-description=\"\">\n\t\t<!-- MAIN IMAGE -->\n\t\t<img src=\"https:\/\/education.europeanrugbyleague.com\/wp-content\/uploads\/2016\/04\/Education-carousel-02.jpg\"  alt=\"\" title=\"Education carousel 02\"  width=\"350\" height=\"300\" data-bgposition=\"center top\" data-bgfit=\"normal\" data-bgrepeat=\"no-repeat\" class=\"rev-slidebg\" data-no-retina>\n\t\t<!-- LAYERS -->\n\n\t\t<!-- LAYER NR. 1 -->\n\t\t<div class=\"tp-caption tp-shape tp-shapewrapper  tp-resizeme\" \n\t\t\t id=\"slide-72-layer-1\" \n\t\t\t data-x=\"['left','left','left','left']\" data-hoffset=\"['0','0','0','0']\" \n\t\t\t data-y=\"['top','top','top','top']\" data-voffset=\"['300','300','300','300']\" \n\t\t\t\t\t\tdata-width=\"full\"\n\t\t\tdata-height=\"85\"\n\t\t\tdata-whitespace=\"nowrap\"\n\t\t\tdata-transform_idle=\"o:1;\"\n \n\t\t\t data-transform_in=\"opacity:0;s:300;e:Power2.easeInOut;\" \n\t\t\t data-transform_out=\"opacity:0;s:300;\" \n\t\t\tdata-start=\"0\" \n\t\t\tdata-responsive_offset=\"on\" \n\n\t\t\t\n\t\t\tstyle=\"z-index: 5;background-color:rgba(47, 110, 177, 1.00);border-color:rgba(0, 0, 0, 0.50);\"> <\/div>\n\n\t\t<!-- LAYER NR. 2 -->\n\t\t<div class=\"tp-caption   tp-resizeme\" \n\t\t\t id=\"slide-72-layer-2\" \n\t\t\t data-x=\"['center','center','center','center']\" data-hoffset=\"['2','2','2','2']\" \n\t\t\t data-y=\"['top','top','top','top']\" data-voffset=\"['333','333','333','333']\" \n\t\t\t\t\t\tdata-width=\"322\"\n\t\t\tdata-height=\"none\"\n\t\t\tdata-whitespace=\"normal\"\n\t\t\tdata-transform_idle=\"o:1;\"\n \n\t\t\t data-transform_in=\"x:-50px;opacity:0;s:300;e:Power2.easeInOut;\" \n\t\t\t data-transform_out=\"x:50px;opacity:0;s:300;\" \n\t\t\tdata-start=\"500\" \n\t\t\tdata-splitin=\"none\" \n\t\t\tdata-splitout=\"none\" \n\t\t\tdata-responsive_offset=\"on\" \n\n\t\t\t\n\t\t\tstyle=\"z-index: 6; min-width: 322px; max-width: 322px; white-space: normal; font-size: 18px; line-height: 22px; font-weight: 400; color: rgba(255, 255, 255, 1.00);font-family:Arial, Helvetica, sans-serif;text-align:center;\">The European Championship <\/div>\n\t<\/li>\n\t<!-- SLIDE  -->\n\t<li data-index=\"rs-73\" data-transition=\"fade\" data-slotamount=\"default\" data-hideafterloop=\"0\" data-hideslideonmobile=\"off\"  data-easein=\"default\" data-easeout=\"default\" data-masterspeed=\"300\"  data-rotate=\"0\"  data-saveperformance=\"off\"  data-title=\"Slide\" data-param1=\"\" data-param2=\"\" data-param3=\"\" data-param4=\"\" data-param5=\"\" data-param6=\"\" data-param7=\"\" data-param8=\"\" data-param9=\"\" data-param10=\"\" data-description=\"\">\n\t\t<!-- MAIN IMAGE -->\n\t\t<img src=\"https:\/\/education.europeanrugbyleague.com\/wp-content\/uploads\/2016\/04\/Education-carousel-03.jpg\"  alt=\"\" title=\"Education carousel 03\"  width=\"350\" height=\"300\" data-bgposition=\"center top\" data-bgfit=\"normal\" data-bgrepeat=\"no-repeat\" class=\"rev-slidebg\" data-no-retina>\n\t\t<!-- LAYERS -->\n\n\t\t<!-- LAYER NR. 1 -->\n\t\t<div class=\"tp-caption tp-shape tp-shapewrapper  tp-resizeme\" \n\t\t\t id=\"slide-73-layer-1\" \n\t\t\t data-x=\"['left','left','left','left']\" data-hoffset=\"['0','0','0','0']\" \n\t\t\t data-y=\"['top','top','top','top']\" data-voffset=\"['300','300','300','300']\" \n\t\t\t\t\t\tdata-width=\"full\"\n\t\t\tdata-height=\"85\"\n\t\t\tdata-whitespace=\"nowrap\"\n\t\t\tdata-transform_idle=\"o:1;\"\n \n\t\t\t data-transform_in=\"opacity:0;s:300;e:Power2.easeInOut;\" \n\t\t\t data-transform_out=\"opacity:0;s:300;\" \n\t\t\tdata-start=\"0\" \n\t\t\tdata-responsive_offset=\"on\" \n\n\t\t\t\n\t\t\tstyle=\"z-index: 5;background-color:rgba(47, 110, 177, 1.00);border-color:rgba(0, 0, 0, 0.50);\"> <\/div>\n\n\t\t<!-- LAYER NR. 2 -->\n\t\t<div class=\"tp-caption   tp-resizeme\" \n\t\t\t id=\"slide-73-layer-2\" \n\t\t\t data-x=\"['center','center','center','center']\" data-hoffset=\"['2','2','2','2']\" \n\t\t\t data-y=\"['top','top','top','top']\" data-voffset=\"['333','333','333','333']\" \n\t\t\t\t\t\tdata-width=\"322\"\n\t\t\tdata-height=\"none\"\n\t\t\tdata-whitespace=\"normal\"\n\t\t\tdata-transform_idle=\"o:1;\"\n \n\t\t\t data-transform_in=\"x:-50px;opacity:0;s:300;e:Power2.easeInOut;\" \n\t\t\t data-transform_out=\"x:50px;opacity:0;s:300;\" \n\t\t\tdata-start=\"500\" \n\t\t\tdata-splitin=\"none\" \n\t\t\tdata-splitout=\"none\" \n\t\t\tdata-responsive_offset=\"on\" \n\n\t\t\t\n\t\t\tstyle=\"z-index: 6; min-width: 322px; max-width: 322px; white-space: normal; font-size: 18px; line-height: 22px; font-weight: 400; color: rgba(255, 255, 255, 1.00);font-family:Arial, Helvetica, sans-serif;text-align:center;\">The European Championship <\/div>\n\t<\/li>\n\t<!-- SLIDE  -->\n\t<li data-index=\"rs-74\" data-transition=\"fade\" data-slotamount=\"default\" data-hideafterloop=\"0\" data-hideslideonmobile=\"off\"  data-easein=\"default\" data-easeout=\"default\" data-masterspeed=\"300\"  data-rotate=\"0\"  data-saveperformance=\"off\"  data-title=\"Slide\" data-param1=\"\" data-param2=\"\" data-param3=\"\" data-param4=\"\" data-param5=\"\" data-param6=\"\" data-param7=\"\" data-param8=\"\" data-param9=\"\" data-param10=\"\" data-description=\"\">\n\t\t<!-- MAIN IMAGE -->\n\t\t<img src=\"https:\/\/education.europeanrugbyleague.com\/wp-content\/uploads\/2016\/04\/Education-carousel-04.jpg\"  alt=\"\" title=\"Education carousel 04\"  width=\"350\" height=\"300\" data-bgposition=\"center top\" data-bgfit=\"normal\" data-bgrepeat=\"no-repeat\" class=\"rev-slidebg\" data-no-retina>\n\t\t<!-- LAYERS -->\n\n\t\t<!-- LAYER NR. 1 -->\n\t\t<div class=\"tp-caption tp-shape tp-shapewrapper  tp-resizeme\" \n\t\t\t id=\"slide-74-layer-1\" \n\t\t\t data-x=\"['left','left','left','left']\" data-hoffset=\"['0','0','0','0']\" \n\t\t\t data-y=\"['top','top','top','top']\" data-voffset=\"['300','300','300','300']\" \n\t\t\t\t\t\tdata-width=\"full\"\n\t\t\tdata-height=\"85\"\n\t\t\tdata-whitespace=\"nowrap\"\n\t\t\tdata-transform_idle=\"o:1;\"\n \n\t\t\t data-transform_in=\"opacity:0;s:300;e:Power2.easeInOut;\" \n\t\t\t data-transform_out=\"opacity:0;s:300;\" \n\t\t\tdata-start=\"0\" \n\t\t\tdata-responsive_offset=\"on\" \n\n\t\t\t\n\t\t\tstyle=\"z-index: 5;background-color:rgba(47, 110, 177, 1.00);border-color:rgba(0, 0, 0, 0.50);\"> <\/div>\n\n\t\t<!-- LAYER NR. 2 -->\n\t\t<div class=\"tp-caption   tp-resizeme\" \n\t\t\t id=\"slide-74-layer-2\" \n\t\t\t data-x=\"['center','center','center','center']\" data-hoffset=\"['2','2','2','2']\" \n\t\t\t data-y=\"['top','top','top','top']\" data-voffset=\"['333','333','333','333']\" \n\t\t\t\t\t\tdata-width=\"322\"\n\t\t\tdata-height=\"none\"\n\t\t\tdata-whitespace=\"normal\"\n\t\t\tdata-transform_idle=\"o:1;\"\n \n\t\t\t data-transform_in=\"x:-50px;opacity:0;s:300;e:Power2.easeInOut;\" \n\t\t\t data-transform_out=\"x:50px;opacity:0;s:300;\" \n\t\t\tdata-start=\"500\" \n\t\t\tdata-splitin=\"none\" \n\t\t\tdata-splitout=\"none\" \n\t\t\tdata-responsive_offset=\"on\" \n\n\t\t\t\n\t\t\tstyle=\"z-index: 6; min-width: 322px; max-width: 322px; white-space: normal; font-size: 18px; line-height: 22px; font-weight: 400; color: rgba(255, 255, 255, 1.00);font-family:Arial, Helvetica, sans-serif;text-align:center;\">The European Championship <\/div>\n\t<\/li>\n\t<!-- SLIDE  -->\n\t<li data-index=\"rs-75\" data-transition=\"fade\" data-slotamount=\"default\" data-hideafterloop=\"0\" data-hideslideonmobile=\"off\"  data-easein=\"default\" data-easeout=\"default\" data-masterspeed=\"300\"  data-rotate=\"0\"  data-saveperformance=\"off\"  data-title=\"Slide\" data-param1=\"\" data-param2=\"\" data-param3=\"\" data-param4=\"\" data-param5=\"\" data-param6=\"\" data-param7=\"\" data-param8=\"\" data-param9=\"\" data-param10=\"\" data-description=\"\">\n\t\t<!-- MAIN IMAGE -->\n\t\t<img src=\"https:\/\/education.europeanrugbyleague.com\/wp-content\/uploads\/2016\/04\/Education-carousel-05.jpg\"  alt=\"\" title=\"Education carousel 05\"  width=\"350\" height=\"300\" data-bgposition=\"center top\" data-bgfit=\"normal\" data-bgrepeat=\"no-repeat\" class=\"rev-slidebg\" data-no-retina>\n\t\t<!-- LAYERS -->\n\n\t\t<!-- LAYER NR. 1 -->\n\t\t<div class=\"tp-caption tp-shape tp-shapewrapper  tp-resizeme\" \n\t\t\t id=\"slide-75-layer-1\" \n\t\t\t data-x=\"['left','left','left','left']\" data-hoffset=\"['0','0','0','0']\" \n\t\t\t data-y=\"['top','top','top','top']\" data-voffset=\"['300','300','300','300']\" \n\t\t\t\t\t\tdata-width=\"full\"\n\t\t\tdata-height=\"85\"\n\t\t\tdata-whitespace=\"nowrap\"\n\t\t\tdata-transform_idle=\"o:1;\"\n \n\t\t\t data-transform_in=\"opacity:0;s:300;e:Power2.easeInOut;\" \n\t\t\t data-transform_out=\"opacity:0;s:300;\" \n\t\t\tdata-start=\"0\" \n\t\t\tdata-responsive_offset=\"on\" \n\n\t\t\t\n\t\t\tstyle=\"z-index: 5;background-color:rgba(47, 110, 177, 1.00);border-color:rgba(0, 0, 0, 0.50);\"> <\/div>\n\n\t\t<!-- LAYER NR. 2 -->\n\t\t<div class=\"tp-caption   tp-resizeme\" \n\t\t\t id=\"slide-75-layer-2\" \n\t\t\t data-x=\"['center','center','center','center']\" data-hoffset=\"['2','2','2','2']\" \n\t\t\t data-y=\"['top','top','top','top']\" data-voffset=\"['333','333','333','333']\" \n\t\t\t\t\t\tdata-width=\"322\"\n\t\t\tdata-height=\"none\"\n\t\t\tdata-whitespace=\"normal\"\n\t\t\tdata-transform_idle=\"o:1;\"\n \n\t\t\t data-transform_in=\"x:-50px;opacity:0;s:300;e:Power2.easeInOut;\" \n\t\t\t data-transform_out=\"x:50px;opacity:0;s:300;\" \n\t\t\tdata-start=\"500\" \n\t\t\tdata-splitin=\"none\" \n\t\t\tdata-splitout=\"none\" \n\t\t\tdata-responsive_offset=\"on\" \n\n\t\t\t\n\t\t\tstyle=\"z-index: 6; min-width: 322px; max-width: 322px; white-space: normal; font-size: 18px; line-height: 22px; font-weight: 400; color: rgba(255, 255, 255, 1.00);font-family:Arial, Helvetica, sans-serif;text-align:center;\">The European Championship <\/div>\n\t<\/li>\n\t<!-- SLIDE  -->\n\t<li data-index=\"rs-76\" data-transition=\"fade\" data-slotamount=\"default\" data-hideafterloop=\"0\" data-hideslideonmobile=\"off\"  data-easein=\"default\" data-easeout=\"default\" data-masterspeed=\"300\"  data-rotate=\"0\"  data-saveperformance=\"off\"  data-title=\"Slide\" data-param1=\"\" data-param2=\"\" data-param3=\"\" data-param4=\"\" data-param5=\"\" data-param6=\"\" data-param7=\"\" data-param8=\"\" data-param9=\"\" data-param10=\"\" data-description=\"\">\n\t\t<!-- MAIN IMAGE -->\n\t\t<img src=\"https:\/\/education.europeanrugbyleague.com\/wp-content\/uploads\/2016\/04\/Education-carousel-06.jpg\"  alt=\"\" title=\"Education carousel 06\"  width=\"350\" height=\"300\" data-bgposition=\"center top\" data-bgfit=\"normal\" data-bgrepeat=\"no-repeat\" class=\"rev-slidebg\" data-no-retina>\n\t\t<!-- LAYERS -->\n\n\t\t<!-- LAYER NR. 1 -->\n\t\t<div class=\"tp-caption tp-shape tp-shapewrapper  tp-resizeme\" \n\t\t\t id=\"slide-76-layer-1\" \n\t\t\t data-x=\"['left','left','left','left']\" data-hoffset=\"['0','0','0','0']\" \n\t\t\t data-y=\"['top','top','top','top']\" data-voffset=\"['300','300','300','300']\" \n\t\t\t\t\t\tdata-width=\"full\"\n\t\t\tdata-height=\"85\"\n\t\t\tdata-whitespace=\"nowrap\"\n\t\t\tdata-transform_idle=\"o:1;\"\n \n\t\t\t data-transform_in=\"opacity:0;s:300;e:Power2.easeInOut;\" \n\t\t\t data-transform_out=\"opacity:0;s:300;\" \n\t\t\tdata-start=\"0\" \n\t\t\tdata-responsive_offset=\"on\" \n\n\t\t\t\n\t\t\tstyle=\"z-index: 5;background-color:rgba(47, 110, 177, 1.00);border-color:rgba(0, 0, 0, 0.50);\"> <\/div>\n\n\t\t<!-- LAYER NR. 2 -->\n\t\t<div class=\"tp-caption   tp-resizeme\" \n\t\t\t id=\"slide-76-layer-2\" \n\t\t\t data-x=\"['center','center','center','center']\" data-hoffset=\"['2','2','2','2']\" \n\t\t\t data-y=\"['top','top','top','top']\" data-voffset=\"['333','333','333','333']\" \n\t\t\t\t\t\tdata-width=\"322\"\n\t\t\tdata-height=\"none\"\n\t\t\tdata-whitespace=\"normal\"\n\t\t\tdata-transform_idle=\"o:1;\"\n \n\t\t\t data-transform_in=\"x:-50px;opacity:0;s:300;e:Power2.easeInOut;\" \n\t\t\t data-transform_out=\"x:50px;opacity:0;s:300;\" \n\t\t\tdata-start=\"500\" \n\t\t\tdata-splitin=\"none\" \n\t\t\tdata-splitout=\"none\" \n\t\t\tdata-responsive_offset=\"on\" \n\n\t\t\t\n\t\t\tstyle=\"z-index: 6; min-width: 322px; max-width: 322px; white-space: normal; font-size: 18px; line-height: 22px; font-weight: 400; color: rgba(255, 255, 255, 1.00);font-family:Arial, Helvetica, sans-serif;text-align:center;\">The European Championship <\/div>\n\t<\/li>\n\t<!-- SLIDE  -->\n\t<li data-index=\"rs-77\" data-transition=\"fade\" data-slotamount=\"default\" data-hideafterloop=\"0\" data-hideslideonmobile=\"off\"  data-easein=\"default\" data-easeout=\"default\" data-masterspeed=\"300\"  data-rotate=\"0\"  data-saveperformance=\"off\"  data-title=\"Slide\" data-param1=\"\" data-param2=\"\" data-param3=\"\" data-param4=\"\" data-param5=\"\" data-param6=\"\" data-param7=\"\" data-param8=\"\" data-param9=\"\" data-param10=\"\" data-description=\"\">\n\t\t<!-- MAIN IMAGE -->\n\t\t<img src=\"https:\/\/education.europeanrugbyleague.com\/wp-content\/uploads\/2016\/04\/Education-carousel-07.jpg\"  alt=\"\" title=\"Education carousel 07\"  width=\"350\" height=\"300\" data-bgposition=\"center top\" data-bgfit=\"normal\" data-bgrepeat=\"no-repeat\" class=\"rev-slidebg\" data-no-retina>\n\t\t<!-- LAYERS -->\n\n\t\t<!-- LAYER NR. 1 -->\n\t\t<div class=\"tp-caption tp-shape tp-shapewrapper  tp-resizeme\" \n\t\t\t id=\"slide-77-layer-1\" \n\t\t\t data-x=\"['left','left','left','left']\" data-hoffset=\"['0','0','0','0']\" \n\t\t\t data-y=\"['top','top','top','top']\" data-voffset=\"['300','300','300','300']\" \n\t\t\t\t\t\tdata-width=\"full\"\n\t\t\tdata-height=\"85\"\n\t\t\tdata-whitespace=\"nowrap\"\n\t\t\tdata-transform_idle=\"o:1;\"\n \n\t\t\t data-transform_in=\"opacity:0;s:300;e:Power2.easeInOut;\" \n\t\t\t data-transform_out=\"opacity:0;s:300;\" \n\t\t\tdata-start=\"0\" \n\t\t\tdata-responsive_offset=\"on\" \n\n\t\t\t\n\t\t\tstyle=\"z-index: 5;background-color:rgba(47, 110, 177, 1.00);border-color:rgba(0, 0, 0, 0.50);\"> <\/div>\n\n\t\t<!-- LAYER NR. 2 -->\n\t\t<div class=\"tp-caption   tp-resizeme\" \n\t\t\t id=\"slide-77-layer-2\" \n\t\t\t data-x=\"['center','center','center','center']\" data-hoffset=\"['2','2','2','2']\" \n\t\t\t data-y=\"['top','top','top','top']\" data-voffset=\"['333','333','333','333']\" \n\t\t\t\t\t\tdata-width=\"322\"\n\t\t\tdata-height=\"none\"\n\t\t\tdata-whitespace=\"normal\"\n\t\t\tdata-transform_idle=\"o:1;\"\n \n\t\t\t data-transform_in=\"x:-50px;opacity:0;s:300;e:Power2.easeInOut;\" \n\t\t\t data-transform_out=\"x:50px;opacity:0;s:300;\" \n\t\t\tdata-start=\"500\" \n\t\t\tdata-splitin=\"none\" \n\t\t\tdata-splitout=\"none\" \n\t\t\tdata-responsive_offset=\"on\" \n\n\t\t\t\n\t\t\tstyle=\"z-index: 6; min-width: 322px; max-width: 322px; white-space: normal; font-size: 18px; line-height: 22px; font-weight: 400; color: rgba(255, 255, 255, 1.00);font-family:Arial, Helvetica, sans-serif;text-align:center;\">The European Championship <\/div>\n\t<\/li>\n<\/ul>\n<div class=\"tp-bannertimer tp-bottom\" style=\"visibility: hidden !important;\"><\/div>\t<\/div>\n<script>var htmlDiv = document.getElementById(\"rs-plugin-settings-inline-css\"); var htmlDivCss=\"\";\n\t\t\t\tif(htmlDiv) {\n\t\t\t\t\thtmlDiv.innerHTML = htmlDiv.innerHTML + htmlDivCss;\n\t\t\t\t}else{\n\t\t\t\t\tvar htmlDiv = document.createElement(\"div\");\n\t\t\t\t\thtmlDiv.innerHTML = \"<style>\" + htmlDivCss + \"<\/style>\";\n\t\t\t\t\tdocument.getElementsByTagName(\"head\")[0].appendChild(htmlDiv.childNodes[0]);\n\t\t\t\t}\n\t\t\t<\/script>\n\t\t<script type=\"text\/javascript\">\n\t\t\t\t\t\t\/******************************************\n\t\t\t\t-\tPREPARE PLACEHOLDER FOR SLIDER\t-\n\t\t\t******************************************\/\n\n\t\t\tvar setREVStartSize=function(){\n\t\t\t\ttry{var e=new Object,i=jQuery(window).width(),t=9999,r=0,n=0,l=0,f=0,s=0,h=0;\n\t\t\t\t\te.c = jQuery('#rev_slider_4_1');\n\t\t\t\t\te.responsiveLevels = [1240,1024,778,480];\n\t\t\t\t\te.gridwidth = [350,350,350,350];\n\t\t\t\t\te.gridheight = [385,385,385,385];\n\t\t\t\t\t\t\t\n\t\t\t\t\te.sliderLayout = \"auto\";\n\t\t\t\t\tif(e.responsiveLevels&&(jQuery.each(e.responsiveLevels,function(e,f){f>i&&(t=r=f,l=e),i>f&&f>r&&(r=f,n=e)}),t>r&&(l=n)),f=e.gridheight[l]||e.gridheight[0]||e.gridheight,s=e.gridwidth[l]||e.gridwidth[0]||e.gridwidth,h=i\/s,h=h>1?1:h,f=Math.round(h*f),\"fullscreen\"==e.sliderLayout){var u=(e.c.width(),jQuery(window).height());if(void 0!=e.fullScreenOffsetContainer){var c=e.fullScreenOffsetContainer.split(\",\");if (c) jQuery.each(c,function(e,i){u=jQuery(i).length>0?u-jQuery(i).outerHeight(!0):u}),e.fullScreenOffset.split(\"%\").length>1&&void 0!=e.fullScreenOffset&&e.fullScreenOffset.length>0?u-=jQuery(window).height()*parseInt(e.fullScreenOffset,0)\/100:void 0!=e.fullScreenOffset&&e.fullScreenOffset.length>0&&(u-=parseInt(e.fullScreenOffset,0))}f=u}else void 0!=e.minHeight&&f<e.minHeight&&(f=e.minHeight);e.c.closest(\".rev_slider_wrapper\").css({height:f})\n\t\t\t\t\t\n\t\t\t\t}catch(d){console.log(\"Failure at Presize of Slider:\"+d)}\n\t\t\t};\n\t\t\t\n\t\t\tsetREVStartSize();\n\t\t\t\n\t\t\t\t\t\tvar tpj=jQuery;\n\t\t\t\n\t\t\tvar revapi4;\n\t\t\ttpj(document).ready(function() {\n\t\t\t\tif(tpj(\"#rev_slider_4_1\").revolution == undefined){\n\t\t\t\t\trevslider_showDoubleJqueryError(\"#rev_slider_4_1\");\n\t\t\t\t}else{\n\t\t\t\t\trevapi4 = tpj(\"#rev_slider_4_1\").show().revolution({\n\t\t\t\t\t\tsliderType:\"standard\",\njsFileLocation:\"\/\/education.europeanrugbyleague.com\/wp-content\/plugins\/revslider\/public\/assets\/js\/\",\n\t\t\t\t\t\tsliderLayout:\"auto\",\n\t\t\t\t\t\tdottedOverlay:\"none\",\n\t\t\t\t\t\tdelay:9000,\n\t\t\t\t\t\tnavigation: {\n\t\t\t\t\t\t\tkeyboardNavigation:\"off\",\n\t\t\t\t\t\t\tkeyboard_direction: \"horizontal\",\n\t\t\t\t\t\t\tmouseScrollNavigation:\"off\",\n \t\t\t\t\t\t\tmouseScrollReverse:\"default\",\n\t\t\t\t\t\t\tonHoverStop:\"off\",\n\t\t\t\t\t\t\ttouch:{\n\t\t\t\t\t\t\t\ttouchenabled:\"on\",\n\t\t\t\t\t\t\t\tswipe_threshold: 75,\n\t\t\t\t\t\t\t\tswipe_min_touches: 1,\n\t\t\t\t\t\t\t\tswipe_direction: \"horizontal\",\n\t\t\t\t\t\t\t\tdrag_block_vertical: false\n\t\t\t\t\t\t\t}\n\t\t\t\t\t\t},\n\t\t\t\t\t\tresponsiveLevels:[1240,1024,778,480],\n\t\t\t\t\t\tvisibilityLevels:[1240,1024,778,480],\n\t\t\t\t\t\tgridwidth:[350,350,350,350],\n\t\t\t\t\t\tgridheight:[385,385,385,385],\n\t\t\t\t\t\tlazyType:\"none\",\n\t\t\t\t\t\tshadow:0,\n\t\t\t\t\t\tspinner:\"spinner0\",\n\t\t\t\t\t\tstopLoop:\"off\",\n\t\t\t\t\t\tstopAfterLoops:-1,\n\t\t\t\t\t\tstopAtSlide:-1,\n\t\t\t\t\t\tshuffle:\"on\",\n\t\t\t\t\t\tautoHeight:\"on\",\n\t\t\t\t\t\tdisableProgressBar:\"on\",\n\t\t\t\t\t\thideThumbsOnMobile:\"off\",\n\t\t\t\t\t\thideSliderAtLimit:0,\n\t\t\t\t\t\thideCaptionAtLimit:0,\n\t\t\t\t\t\thideAllCaptionAtLilmit:0,\n\t\t\t\t\t\tdebugMode:false,\n\t\t\t\t\t\tfallbacks: {\n\t\t\t\t\t\t\tsimplifyAll:\"off\",\n\t\t\t\t\t\t\tnextSlideOnWindowFocus:\"off\",\n\t\t\t\t\t\t\tdisableFocusListener:false,\n\t\t\t\t\t\t}\n\t\t\t\t\t});\n\t\t\t\t}\n\t\t\t});\t\/*ready*\/\n\t\t<\/script>\n\t\t<\/div><!-- END REVOLUTION SLIDER --><\/div> <p>Elle a \u00e9t\u00e9 inaugur\u00e9e le 9 janvier 2003 \u00e0 Paris \u00e0 la suite d\u2019une initiative conjointe de la RFL et la F\u00e9d\u00e9ration Fran\u00e7aise de Rugby \u00e0 XIII. La f\u00e9d\u00e9ration a \u00e9t\u00e9 relocalis\u00e9e \u00e0 Leeds en 2004. Elle s\u2019est constitu\u00e9e en soci\u00e9t\u00e9 en 2011 et a officiellement d\u00e9m\u00e9nag\u00e9 \u00e0 son nouveau si\u00e8ge \u00e0 Londres en 2015.<\/p> <p>En plus de l\u2019Angleterre et la France, les repr\u00e9sentants f\u00e9d\u00e9raux de l\u2019Irlande, l\u2019Italie, le Liban, le Maroc, les Pays-Bas, la Russie, l\u2019Ecosse, la Serbie et les Pays des Galles ont assist\u00e9 \u00e0 la r\u00e9union. Une d\u00e9cennie plus tard, le nombre d\u2019affili\u00e9s de la ERL est pass\u00e9 \u00e0 30 pays et la popularit\u00e9 du sport a augment\u00e9.<\/p> <p>La ERL et sa f\u00e9d\u00e9ration tutelle la IRL, ont collabor\u00e9 avec l\u2019UE sur un certain nombre de projets, y compris le Technical Foundation Project (2011, le programme Leonardo da Vinci), le Governance Foundation Project (2012, Action Pr\u00e9paratoire) et le Leadership Devolution Project (2014, Action Pr\u00e9paratoire). Ces projets, y compris l\u2019actuel Training and Education Portal, sont compl\u00e9mentaires et ont collectivement contribu\u00e9 \u00e0 la croissance r\u00e9elle et p\u00e9renne de rugby \u00e0 XIII en Europe.<\/p> <p>&nbsp;<\/p> <\/div><!--.column[data-col=\"1\"]--><\/div><!--.row[data-cols=\"1\"]--> ","protected":false},"excerpt":{"rendered":"<p>La ERL (Europ\u00e9enne de Rugby \u00e0 XIII) est un membre associ\u00e9 de la IRL (Internationale de Rugby \u00e0 XIII) est la conf\u00e9d\u00e9ration du sport en Europe et, actuellement, de tout l\u2019h\u00e9misph\u00e8re nord. Elle a \u00e9t\u00e9 inaugur\u00e9e le 9 janvier 2003 \u00e0 Paris \u00e0 la suite d\u2019une initiative conjointe de la RFL et la F\u00e9d\u00e9ration Fran\u00e7aise [&hellip;]<\/p>\n","protected":false},"author":3,"featured_media":0,"parent":0,"menu_order":0,"comment_status":"closed","ping_status":"closed","template":"","meta":{"_bbp_topic_count":0,"_bbp_reply_count":0,"_bbp_total_topic_count":0,"_bbp_total_reply_count":0,"_bbp_voice_count":0,"_bbp_anonymous_reply_count":0,"_bbp_topic_count_hidden":0,"_bbp_reply_count_hidden":0,"_bbp_forum_subforum_count":0,"_expiration-date-status":"saved","_expiration-date":0,"_expiration-date-type":"","_expiration-date-categories":[],"_expiration-date-options":[]},"_links":{"self":[{"href":"https:\/\/education.europeanrugbyleague.com\/fr\/wp-json\/wp\/v2\/pages\/917"}],"collection":[{"href":"https:\/\/education.europeanrugbyleague.com\/fr\/wp-json\/wp\/v2\/pages"}],"about":[{"href":"https:\/\/education.europeanrugbyleague.com\/fr\/wp-json\/wp\/v2\/types\/page"}],"author":[{"embeddable":true,"href":"https:\/\/education.europeanrugbyleague.com\/fr\/wp-json\/wp\/v2\/users\/3"}],"replies":[{"embeddable":true,"href":"https:\/\/education.europeanrugbyleague.com\/fr\/wp-json\/wp\/v2\/comments?post=917"}],"version-history":[{"count":5,"href":"https:\/\/education.europeanrugbyleague.com\/fr\/wp-json\/wp\/v2\/pages\/917\/revisions"}],"predecessor-version":[{"id":2174,"href":"https:\/\/education.europeanrugbyleague.com\/fr\/wp-json\/wp\/v2\/pages\/917\/revisions\/2174"}],"wp:attachment":[{"href":"https:\/\/education.europeanrugbyleague.com\/fr\/wp-json\/wp\/v2\/media?parent=917"}],"curies":[{"name":"wp","href":"https:\/\/api.w.org\/{rel}","templated":true}]}}