{"id":899,"date":"2016-11-28T15:29:05","date_gmt":"2016-11-28T15:29:05","guid":{"rendered":"http:\/\/education.europeanrugbyleague.com\/?page_id=899&#038;lang=fr"},"modified":"2021-03-29T14:44:54","modified_gmt":"2021-03-29T13:44:54","slug":"our-partners","status":"publish","type":"page","link":"https:\/\/education.europeanrugbyleague.com\/fr\/our-partners\/","title":{"rendered":"Nos Partenaires"},"content":{"rendered":"<div class=\"row\" data-cols=\"4\" ><div class=\"column\" data-col=\"1\" ><p><img loading=\"lazy\" class=\"wp-image-1951 aligncenter\" src=\"https:\/\/education.europeanrugbyleague.com\/wp-content\/uploads\/2021\/02\/IRL_Master_STA_PRI_RGB_POS-300x102.png\" alt=\"\" width=\"139\" height=\"48\" \/><\/p> <\/div><!--.column[data-col=\"1\"]--><div class=\"column\" data-col=\"3\" > <h2>International Rugby League<\/h2> <p>La IRL est l\u2019organe dirigeant mondial de rugby \u00e0 XIII. Sa mission est de cultiver, d\u00e9velopper, \u00e9tendre, gouverner et administrer le rugby \u00e0 XIII partout dans le monde. Elle est charg\u00e9e des R\u00e8gles du Jeu, du d\u00e9veloppement, de l\u2019organisation et de la gouvernance du rugby \u00e0 XIII international, et de la comp\u00e9tition internationale de r\u00e9f\u00e9rence : la Coupe du monde de rugby \u00e0 XIII. Toutes Les f\u00e9d\u00e9rations nationales et les conf\u00e9d\u00e9rations, y compris la ERL, sont membres de la IRL.<\/p> <\/div><!--.column[data-col=\"3\"]--><div class=\"column\" data-col=\"1\" ><p><a href=\"http:\/\/ec.europa.eu\/programmes\/erasmus-plus\/\" target=\"_blank\" rel=\"noopener\"><img loading=\"lazy\" class=\"size-full wp-image-165 aligncenter\" src=\"https:\/\/education.europeanrugbyleague.com\/wp-content\/uploads\/2016\/03\/EU-Flag-logo.png\" alt=\"EU Flag logo\" width=\"200\" height=\"133\" \/><\/a><\/p> <\/div><!--.column[data-col=\"1\"]--><div class=\"column\" data-col=\"3\" > <h2>Erasmus+<\/h2> <p>Erasmus+ est le programme de l\u2019Union Europ\u00e9enne qui soutient l\u2019\u00e9ducation, la formation, la jeunesse et le sport en Europe. Son budget de multi \u20acmilliards offrira de possibilit\u00e9s pour plus de 4 millions d\u2019Europ\u00e9ens \u00e0 \u00e9tudier, se former, acqu\u00e9rir de l\u2019exp\u00e9rience et faire du volontariat \u00e0 l\u2019\u00e9tranger.<\/p> <\/div><!--.column[data-col=\"3\"]--><\/div><!--.row[data-cols=\"4\"]--><div class=\"row\" data-cols=\"1\" ><div class=\"column\" data-col=\"1\" ><p>&nbsp;<\/p> <\/div><!--.column[data-col=\"1\"]--><\/div><!--.row[data-cols=\"1\"]--> ","protected":false},"excerpt":{"rendered":"<p>International Rugby League La IRL est l\u2019organe dirigeant mondial de rugby \u00e0 XIII. Sa mission est de cultiver, d\u00e9velopper, \u00e9tendre, gouverner et administrer le rugby \u00e0 XIII partout dans le monde. Elle est charg\u00e9e des R\u00e8gles du Jeu, du d\u00e9veloppement, de l\u2019organisation et de la gouvernance du rugby \u00e0 XIII international, et de la comp\u00e9tition [&hellip;]<\/p>\n","protected":false},"author":3,"featured_media":0,"parent":0,"menu_order":0,"comment_status":"closed","ping_status":"closed","template":"","meta":{"_bbp_topic_count":0,"_bbp_reply_count":0,"_bbp_total_topic_count":0,"_bbp_total_reply_count":0,"_bbp_voice_count":0,"_bbp_anonymous_reply_count":0,"_bbp_topic_count_hidden":0,"_bbp_reply_count_hidden":0,"_bbp_forum_subforum_count":0,"_expiration-date-status":"saved","_expiration-date":0,"_expiration-date-type":"","_expiration-date-categories":[],"_expiration-date-options":[]},"_links":{"self":[{"href":"https:\/\/education.europeanrugbyleague.com\/fr\/wp-json\/wp\/v2\/pages\/899"}],"collection":[{"href":"https:\/\/education.europeanrugbyleague.com\/fr\/wp-json\/wp\/v2\/pages"}],"about":[{"href":"https:\/\/education.europeanrugbyleague.com\/fr\/wp-json\/wp\/v2\/types\/page"}],"author":[{"embeddable":true,"href":"https:\/\/education.europeanrugbyleague.com\/fr\/wp-json\/wp\/v2\/users\/3"}],"replies":[{"embeddable":true,"href":"https:\/\/education.europeanrugbyleague.com\/fr\/wp-json\/wp\/v2\/comments?post=899"}],"version-history":[{"count":8,"href":"https:\/\/education.europeanrugbyleague.com\/fr\/wp-json\/wp\/v2\/pages\/899\/revisions"}],"predecessor-version":[{"id":2069,"href":"https:\/\/education.europeanrugbyleague.com\/fr\/wp-json\/wp\/v2\/pages\/899\/revisions\/2069"}],"wp:attachment":[{"href":"https:\/\/education.europeanrugbyleague.com\/fr\/wp-json\/wp\/v2\/media?parent=899"}],"curies":[{"name":"wp","href":"https:\/\/api.w.org\/{rel}","templated":true}]}}